{"id":5751,"date":"2024-08-16T08:28:29","date_gmt":"2024-08-16T08:28:29","guid":{"rendered":"https:\/\/b2b-erklaervideo.de\/?page_id=5751"},"modified":"2025-05-06T11:50:44","modified_gmt":"2025-05-06T10:50:44","slug":"agb","status":"publish","type":"page","link":"https:\/\/b2b-erklaervideo.de\/en\/agb","title":{"rendered":"AGB"},"content":{"rendered":"<div data-elementor-type=\"wp-page\" data-elementor-id=\"5751\" class=\"elementor elementor-5751\" data-elementor-post-type=\"page\">\n\t\t\t\t\t\t<section class=\"elementor-section elementor-top-section elementor-element elementor-element-52488f8 elementor-section-boxed elementor-section-height-default elementor-section-height-default\" data-id=\"52488f8\" data-element_type=\"section\" data-e-type=\"section\" data-settings=\"{&quot;background_background&quot;:&quot;classic&quot;}\">\n\t\t\t\t\t\t\t<div class=\"elementor-background-overlay\"><\/div>\n\t\t\t\t\t\t\t<div class=\"elementor-container elementor-column-gap-default\">\n\t\t\t\t\t<div class=\"elementor-column elementor-col-100 elementor-top-column elementor-element elementor-element-ac841ac\" data-id=\"ac841ac\" data-element_type=\"column\" data-e-type=\"column\">\n\t\t\t<div class=\"elementor-widget-wrap\">\n\t\t\t\t\t\t\t<\/div>\n\t\t<\/div>\n\t\t\t\t\t<\/div>\n\t\t<\/section>\n\t\t\t\t<section class=\"elementor-section elementor-top-section elementor-element elementor-element-71be4785 elementor-section-boxed elementor-section-height-default elementor-section-height-default\" data-id=\"71be4785\" data-element_type=\"section\" data-e-type=\"section\" data-settings=\"{&quot;background_background&quot;:&quot;classic&quot;}\">\n\t\t\t\t\t\t<div class=\"elementor-container elementor-column-gap-default\">\n\t\t\t\t\t<div class=\"elementor-column elementor-col-100 elementor-top-column elementor-element elementor-element-6057923d\" data-id=\"6057923d\" data-element_type=\"column\" data-e-type=\"column\">\n\t\t\t<div class=\"elementor-widget-wrap elementor-element-populated\">\n\t\t\t\t\t\t<div class=\"elementor-element elementor-element-82591ef elementor-widget elementor-widget-html\" data-id=\"82591ef\" data-element_type=\"widget\" data-e-type=\"widget\" data-widget_type=\"html.default\">\n\t\t\t\t<div class=\"elementor-widget-container\">\n\t\t\t\t\t<!-- Global site tag (gtag.js) - Google Ads: 796520247 -->\n<script async src=\"https:\/\/www.googletagmanager.com\/gtag\/js?id=AW-796520247\"><\/script>\n<script>\n  window.dataLayer = window.dataLayer || [];\n  function gtag(){dataLayer.push(arguments);}\n  gtag('js', new Date());\n\n  gtag('config', 'AW-796520247');\n<\/script>\n\t\t\t\t<\/div>\n\t\t\t\t<\/div>\n\t\t\t\t<div class=\"elementor-element elementor-element-ec077de elementor-widget elementor-widget-heading\" data-id=\"ec077de\" data-element_type=\"widget\" data-e-type=\"widget\" data-widget_type=\"heading.default\">\n\t\t\t\t<div class=\"elementor-widget-container\">\n\t\t\t\t\t<h2 class=\"elementor-heading-title elementor-size-default\">Allgemeine Gesch\u00e4ftsbedingungen<\/h2>\t\t\t\t<\/div>\n\t\t\t\t<\/div>\n\t\t\t\t<div class=\"elementor-element elementor-element-b3fc11c elementor-widget elementor-widget-text-editor\" data-id=\"b3fc11c\" data-element_type=\"widget\" data-e-type=\"widget\" data-widget_type=\"text-editor.default\">\n\t\t\t\t<div class=\"elementor-widget-container\">\n\t\t\t\t\t\t\t\t\t<p>Allgemeine Gesch\u00e4ftsbedingungen (AGB) &#8211; Stand 02. April 2024<\/p><p>(<a href=\"https:\/\/b2b-erklaervideo.de\/wp-content\/uploads\/2025\/05\/AGB-B2B-Erklaervideo-Stand-2.04.2024.pdf\"><u>Hier als PDF herunterladen)<\/u><\/a><\/p>\t\t\t\t\t\t\t\t<\/div>\n\t\t\t\t<\/div>\n\t\t\t\t<div class=\"elementor-element elementor-element-a231bd2 elementor-widget__width-initial elementor-widget elementor-widget-text-editor\" data-id=\"a231bd2\" data-element_type=\"widget\" data-e-type=\"widget\" data-widget_type=\"text-editor.default\">\n\t\t\t\t<div class=\"elementor-widget-container\">\n\t\t\t\t\t\t\t\t\t<h3><b>1. Geltungsbereich<\/b><\/h3>\n<p>Diese Allgemeinen Gesch\u00e4ftsbedingungen (AGB) gelten f\u00fcr alle Vertr\u00e4ge zwischen B2B-Erkl\u00e4rvideo, Inhaber Sengor Marlon Souaga, Postadresse: Cremon 1, 20457 Hamburg, und ihren Kunden, sofern nicht schriftlich etwas anderes vereinbart wurde. Sie gelten f\u00fcr alle von B2B-Erkl\u00e4rvideo angebotenen Dienstleistungen, insbesondere die Erstellung von Erkl\u00e4rvideos f\u00fcr Unternehmen im B2B-Bereich.<\/p>\n<h3><b>2. Vertragsschluss<\/b><\/h3>\n<p>1. Der Vertrag zwischen B2B-Erkl\u00e4rvideo und dem Kunden kommt durch zwei \u00fcbereinstimmende Willenserkl\u00e4rungen, Angebot und Annahme, zustande.<\/p>\n<p>2. Der Vertragsschluss kann schriftlich, m\u00fcndlich oder fernm\u00fcndlich (Telefon, Videochat etc.) erfolgen.<\/p>\n<p>3. Angebote und Preise sind verbindlich und verstehen sich in EUR, exklusive gesetzlicher Umsatzsteuer.<\/p>\n<p>4. B2B-Erkl\u00e4rvideo ist berechtigt, Dienste Dritter in Anspruch zu nehmen und Kundeninformationen im erforderlichen Umfang an Dritte weiterzugeben.<\/p>\n<h3><b>3. Verg\u00fctung und Zahlungsbedingungen<\/b><\/h3>\n<p>1. Die Verg\u00fctung wird in zwei Teilen f\u00e4llig:<\/p>\n<p>&nbsp;&nbsp; &#8211; 50 % des Gesamtbetrags sind nach Fertigstellung des Skripts und Storyboards f\u00e4llig.<\/p>\n<p>&nbsp;&nbsp; &#8211; Die restlichen 50 % sind nach Abschluss der Tonbandaufnahme sowie Animation zu zahlen.<\/p>\n<p>2. B2B-Erkl\u00e4rvideo beh\u00e4lt sich das Recht vor, Dienstleistungen bis zur vollst\u00e4ndigen Begleichung ausstehender Betr\u00e4ge einzustellen, wenn sich der Kunde im Zahlungsverzug befindet.<\/p>\n<p>3. Bei Zahlungsverzug ist B2B-Erkl\u00e4rvideo berechtigt, Verzugszinsen in H\u00f6he von 9 Prozentpunkten \u00fcber dem Basiszinssatz gem\u00e4\u00df \u00a7 288 Abs. 2 BGB sowie den Ersatz des Verz\u00f6gerungsschadens zu verlangen. B2B-Erkl\u00e4rvideo kann zudem vom Vertrag zur\u00fccktreten und Schadensersatz fordern.<\/p>\n<p>4. Fremdsprachige Versionen, Untertitel und unterschiedliche Formate sind nicht im Lieferumfang enthalten und k\u00f6nnen gegen Aufpreis bereitgestellt werden.<\/p>\n<p>5. Die Bezahlung erfolgt, sofern nicht anders vereinbart, per \u00dcberweisung.<\/p>\n<h3><b>4. Abnahmebed\u00fcrftige Leistungen<\/b><\/h3>\n<p>1. Abnahmepflicht: Ist eine Leistung oder Teilleistung von B2B-Erkl\u00e4rvideo abnahmebed\u00fcrftig, so kann B2B-Erkl\u00e4rvideo den Kunden mit einer Fristsetzung von einer Woche zur Teil- bzw. Gesamtabnahme auffordern. Erfolgt innerhalb dieser Frist keine schriftliche Erkl\u00e4rung des Kunden, welche M\u00e4ngel noch zu beseitigen sind, gilt die Leistung als abgenommen. Alternativ kann der Kunde den Auftrag innerhalb dieser Frist stornieren; in diesem Fall gelten die Stornogeb\u00fchren gem\u00e4\u00df Punkt 6.<\/p>\n<p>2. M\u00e4ngelprotokoll: Der Kunde ist verpflichtet, etwaige M\u00e4ngel in einem M\u00e4ngelprotokoll festzuhalten und dieses B2B-Erkl\u00e4rvideo zu \u00fcberlassen. Das \u00dcbermittlungsrisiko dieses Protokolls liegt beim Kunden.<\/p>\n<p><span style=\"color: rgb(22, 28, 35); font-family: Helvetica;\">3. Korrekturen: \u00c4nderungsw\u00fcnsche des Kunden m\u00fcssen innerhalb von 7 Tagen nach Leistungserbringung eingereicht werden. Erfolgt kein Feedback innerhalb dieser Frist, gilt die Leistung als abgenommen. Insbesondere gilt: Erfolgt nach Lieferung des Skripts innerhalb von 7 Tagen keine R\u00fcckmeldung, beh\u00e4lt sich B2B-Erkl\u00e4rvideo das Recht vor, den Auftrag zu stornieren und eine Stornogeb\u00fchr in H\u00f6he von 20\u202f% des Gesamtauftragswertes (netto) zu berechnen. Nachkorrekturen werden kostenfrei durchgef\u00fchrt, solange sie sich auf die erstmalige Umsetzung der \u00c4nderungsw\u00fcnsche beziehen und im Rahmen der urspr\u00fcnglichen Anforderungen bleiben. Wiederholte \u00c4nderungsw\u00fcnsche am selben Punkt oder nachtr\u00e4gliche \u00c4nderungen, die sich auf bereits \u00fcberbearbeitete Punkte beziehen, stellen keine kostenfreie Nachkorrektur dar und werden gesondert berechnet. Die Korrekturen d\u00fcrfen keine grundlegenden oder neuen \u00c4nderungen beinhalten, die von den urspr\u00fcnglich abgestimmten Anforderungen abweichen, um einen unendlichen Korrekturprozess zu vermeiden.<\/span><\/p>\n<p>4.&nbsp;<span style=\"font-style: inherit; font-weight: inherit; color: var( --e-global-color-ec44ec0 ); font-family: var( --e-global-typography-text-font-family ), Sans-serif;\">Der Auftraggeber verpflichtet sich, \u00c4nderungsw\u00fcnsche klar, konkret und nachvollziehbar zu formulieren. Allgemeine oder unpr\u00e4zise Beanstandungen berechtigen nicht zu weiteren Korrekturen. Wird eine Korrektur gem\u00e4\u00df den Vorgaben des Auftraggebers umgesetzt, kann diese nicht im Nachhinein beanstandet werden, weil sie nicht dem subjektiven Geschmack entspricht.&nbsp;<\/span><span style=\"font-style: inherit; font-weight: inherit; color: var( --e-global-color-ec44ec0 ); font-family: var( --e-global-typography-text-font-family ), Sans-serif;\">Neue \u00c4nderungsw\u00fcnsche, die \u00fcber die urspr\u00fcnglich beanstandeten Punkte hinausgehen oder eine grundlegende Umgestaltung erfordern, gelten nicht als kostenfreie Korrektur. Eine Abnahme darf nicht unbegr\u00fcndet oder wiederholt ohne konkrete \u00c4nderungsw\u00fcnsche verweigert werden.<\/span><\/p>\n<p>5. Nach der Abnahme: Alle Nachkorrekturen nach finaler Abnahme von Skript, Voice-Over, Storyboard sowie Animation sind kostenpflichtig (250 \u20ac pro Korrekturschleife) und erfolgen nur nach gesonderter Vereinbarung. B2B-Erkl\u00e4rvideo beh\u00e4lt sich das Recht vor, solche Korrekturen abzulehnen.<\/p>\n<p>6. Quelldateien: Die Quelldateien verbleiben bei B2B-Erkl\u00e4rvideo und werden nicht an den Kunden \u00fcbergeben.<\/p>\n<p>7. Stilvereinbarung: Durch vorab gezeigte Arbeitsbeispiele wird dem Kunden der Stil von B2B-Erkl\u00e4rvideo vermittelt und im Konzept festgelegt. Der Kunde kann die Abnahme nicht aufgrund stilistischer Pr\u00e4ferenzen verweigern, sofern der vereinbarte Stil eingehalten wurde. Das abgesegnete Storyboard bringt ebenso den vereinbarten Stil zum Ausdruck.<\/p>\n<p>8. Abnahme der Teilleistungen: B2B-Erkl\u00e4rvideo kann vom Kunden nach Abschluss jeder Teilleistung eine Abnahme der jeweiligen Teilleistung verlangen. Nach Durchf\u00fchrung aller vereinbarten Anpassungsleistungen ist der Kunde verpflichtet, eine Gesamtabnahme der Leistungen vorzunehmen.<\/p>\n<p style=\"margin-bottom: 24px; font-style: normal; font-variant-numeric: normal; font-variant-east-asian: normal; font-variant-alternates: normal; font-size-adjust: none; font-kerning: auto; font-optical-sizing: auto; font-feature-settings: normal; font-variation-settings: normal; font-variant-position: normal; font-variant-emoji: normal; font-weight: 400; font-stretch: normal; font-size: 15px; line-height: normal; font-family: Helvetica; color: rgb(22, 28, 35);\">9.&nbsp;Nach Abnahme des Projekts durch den Kunden bewahren wir die zugeh\u00f6rigen Quelldateien (Source Files) f\u00fcr die Dauer von einem Monat auf. Nach Ablauf dieses Zeitraums behalten wir uns vor, die Dateien zu l\u00f6schen.<\/p>\n<p style=\"margin-bottom: 24px; font-style: normal; font-variant-numeric: normal; font-variant-east-asian: normal; font-variant-alternates: normal; font-size-adjust: none; font-kerning: auto; font-optical-sizing: auto; font-feature-settings: normal; font-variation-settings: normal; font-variant-position: normal; font-variant-emoji: normal; font-weight: 400; font-stretch: normal; font-size: 15px; line-height: normal; font-family: Helvetica; color: rgb(22, 28, 35);\">10. B2B-Leadguide: Unser B2B-Leadguide wird Ihnen nach Abnahme des beauftragten B2B-Erkl\u00e4rvideos bereitgestellt. Der Zugang besteht, solange unser Mitgliederbereich aktiv betrieben wird.Die Inhalte des Leadguides sind urheberrechtlich gesch\u00fctzt. Eine Weitergabe an Dritte, Vervielf\u00e4ltigung, Ver\u00f6ffentlichung oder der (vollst\u00e4ndige oder teilweise) Download der Inhalte ohne ausdr\u00fcckliche schriftliche Zustimmung ist untersagt. Zuwiderhandlungen k\u00f6nnen rechtlich verfolgt werden und f\u00fchren zum sofortigen Entzug des Zugangs. Der Zugang zum B2B-Leadguide ist auf 6 Monate begrenzt.<\/p>\n<h3><b>5. Mitwirkung und Verantwortlichkeit des Kunden<\/b><\/h3>\n<p>1. Der Kunde ist verpflichtet, alle erforderlichen Informationen, Materialien sowie Feedbacks und \u00c4nderungsw\u00fcnsche unverz\u00fcglich zur Verf\u00fcgung zu stellen, um die Einhaltung der vereinbarten Deadlines zu gew\u00e4hrleisten. Verz\u00f6gerungen durch den Kunden, die die Leistungserbringung behindern, entbinden B2B-Erkl\u00e4rvideo nicht vom Verg\u00fctungsanspruch.<\/p>\n<p>2. Vereinbarte Abnahmetermine sind keine Fixtermine und stehen unter dem Vorbehalt der rechtzeitigen und vollst\u00e4ndigen Mitwirkung des Kunden. Verz\u00f6gerungen, die durch das Nichterf\u00fcllen der Mitwirkungspflichten des Kunden entstehen, verl\u00e4ngern die Lieferzeiten entsprechend.<\/p>\n<p>3. Nach der \u00dcbermittlung der Videocheckliste durch B2B-Erkl\u00e4rvideo hat der Kunde 8 Tage Zeit, die erforderlichen Informationen und Materialien zur\u00fcckzusenden. Erfolgt dies nicht innerhalb dieser Frist, beh\u00e4lt sich B2B-Erkl\u00e4rvideo das Recht vor, den Auftrag zu stornieren und 20 % der Netto-Gesamtsumme als Stornierungskosten in Rechnung zu stellen.<\/p>\n<p>4. Bei Verletzung der Mitwirkungspflichten des Kunden kann B2B-Erkl\u00e4rvideo eine angemessene Frist zur Nachholung setzen. Werden die Pflichten innerhalb dieser Frist nicht erf\u00fcllt, beh\u00e4lt sich B2B-Erkl\u00e4rvideo das Recht vor, den Vertrag zu k\u00fcndigen und Schadensersatz zu verlangen.<\/p>\n<h3><b>6. Stornierung<\/b><\/h3>\n<p>1. Stornierungen des Auftrags vor Beginn der Teilarbeiten wie Skript, Voice-Over, Storyboard und Animation verpflichten den Kunden zur Zahlung von 20 % der Netto-Gesamtsumme.<\/p>\n<p>2. Stornierungen nach der Skripterstellung verpflichten den Kunden zur Zahlung von 30 % und nach Skript, Voice-Over und Storyboard zu 70 % der Netto-Gesamtsumme.<\/p>\n<h3><b>7. Widerrufsrecht<\/b><\/h3>\n<p>Der Anbieter schlie\u00dft ausschlie\u00dflich mit Unternehmern im Sinne von \u00a7 14 BGB Vertr\u00e4ge, sodass ein gesetzliches Widerrufsrecht nicht besteht.<\/p>\n<h3><b>8. Haftung<\/b><\/h3>\n<p>1. B2B-Erkl\u00e4rvideo haftet nur f\u00fcr Vorsatz und grobe Fahrl\u00e4ssigkeit. Eine Haftung f\u00fcr leichte Fahrl\u00e4ssigkeit ist ausgeschlossen, soweit keine wesentlichen Vertragspflichten verletzt wurden.<\/p>\n<p>2. Die Haftung f\u00fcr mittelbare Sch\u00e4den, insbesondere entgangenen Gewinn, ist ausgeschlossen, es sei denn, diese Sch\u00e4den resultieren aus vors\u00e4tzlichem oder grob fahrl\u00e4ssigem Verhalten.<\/p>\n<p>3. Die Haftungsh\u00f6chstgrenze ist auf den vertragstypischen, vorhersehbaren Schaden begrenzt und \u00fcberschreitet nicht den Gesamtwert des Auftrags.<\/p>\n<p>4. B2B-Erkl\u00e4rvideo \u00fcbernimmt keine Haftung f\u00fcr die rechtliche Zul\u00e4ssigkeit der im Auftrag produzierten Inhalte. Der Kunde ist daf\u00fcr verantwortlich, sicherzustellen, dass die erstellten Inhalte keine Rechte Dritter verletzen und den gesetzlichen Bestimmungen entsprechen.<\/p>\n<h3><b>9. Gerichtsstand<\/b><\/h3>\n<p>1. Der Gerichtsstand f\u00fcr alle Streitigkeiten aus oder im Zusammenhang mit diesem Vertragsverh\u00e4ltnis ist Hamburg.<\/p>\n<p>2. Es gilt deutsches Recht.<\/p>\n<h3><b>10. Rechtserwerb und Rechts\u00fcbertragung<\/b><\/h3>\n<p>1. Alle Urheberrechte und gewerblichen Schutzrechte an den erbrachten Leistungen verbleiben bei B2B-Erkl\u00e4rvideo. Der Kunde erh\u00e4lt nach Fertigstellung des Videos ein Nutzungsrecht.<\/p>\n<p>2. Der Kunde hat keinen Anspruch auf die \u00dcbertragung der Quelldateien oder einzelner Frames des Videos.<\/p>\n<p>3. B2B-Erkl\u00e4rvideo ist berechtigt, die produzierten Videos f\u00fcr eigene Marketingzwecke, wie auf Social-Media-Plattformen oder der eigenen Webseite, zu nutzen. Falls nicht anders vereinbart, kann B2B-Erkl\u00e4rvideo verlangen, als Urheber des Werkes genannt zu werden.<\/p>\n<h3><b>11. Schlussbestimmungen<\/b><\/h3>\n<p>Sollten einzelne Bestimmungen dieser AGB unwirksam sein oder werden, ber\u00fchrt dies die G\u00fcltigkeit der \u00fcbrigen Bestimmungen nicht. Anstelle der unwirksamen Bestimmung tritt eine dem wirtschaftlichen Zweck der Vereinbarung m\u00f6glichst nahekommende, wirksame Regelung.<\/p>\n<p>Stand: 2.04.2024<\/p>\t\t\t\t\t\t\t\t<\/div>\n\t\t\t\t<\/div>\n\t\t\t\t\t<\/div>\n\t\t<\/div>\n\t\t\t\t\t<\/div>\n\t\t<\/section>\n\t\t\t\t<\/div>","protected":false},"excerpt":{"rendered":"<p>Allgemeine Gesch\u00e4ftsbedingungen Allgemeine Gesch\u00e4ftsbedingungen (AGB) &#8211; Stand 02. April 2024 (Hier als PDF herunterladen) 1. Geltungsbereich Diese Allgemeinen Gesch\u00e4ftsbedingungen (AGB) gelten f\u00fcr alle Vertr\u00e4ge zwischen B2B-Erkl\u00e4rvideo, Inhaber Sengor Marlon Souaga, Postadresse: Cremon 1, 20457 Hamburg, und ihren Kunden, sofern nicht schriftlich etwas anderes vereinbart wurde. Sie gelten f\u00fcr alle von B2B-Erkl\u00e4rvideo angebotenen Dienstleistungen, insbesondere die [&hellip;]<\/p>\n","protected":false},"author":1,"featured_media":0,"parent":0,"menu_order":0,"comment_status":"closed","ping_status":"closed","template":"","meta":{"site-sidebar-layout":"no-sidebar","site-content-layout":"page-builder","ast-site-content-layout":"full-width-container","site-content-style":"unboxed","site-sidebar-style":"unboxed","ast-global-header-display":"","ast-banner-title-visibility":"","ast-main-header-display":"","ast-hfb-above-header-display":"","ast-hfb-below-header-display":"","ast-hfb-mobile-header-display":"","site-post-title":"disabled","ast-breadcrumbs-content":"","ast-featured-img":"disabled","footer-sml-layout":"","ast-disable-related-posts":"","theme-transparent-header-meta":"default","adv-header-id-meta":"","stick-header-meta":"","header-above-stick-meta":"","header-main-stick-meta":"","header-below-stick-meta":"","astra-migrate-meta-layouts":"set","ast-page-background-enabled":"default","ast-page-background-meta":{"desktop":{"background-color":"","background-image":"","background-repeat":"repeat","background-position":"center center","background-size":"auto","background-attachment":"scroll","background-type":"","background-media":"","overlay-type":"","overlay-color":"","overlay-opacity":"","overlay-gradient":""},"tablet":{"background-color":"","background-image":"","background-repeat":"repeat","background-position":"center center","background-size":"auto","background-attachment":"scroll","background-type":"","background-media":"","overlay-type":"","overlay-color":"","overlay-opacity":"","overlay-gradient":""},"mobile":{"background-color":"","background-image":"","background-repeat":"repeat","background-position":"center center","background-size":"auto","background-attachment":"scroll","background-type":"","background-media":"","overlay-type":"","overlay-color":"","overlay-opacity":"","overlay-gradient":""}},"ast-content-background-meta":{"desktop":{"background-color":"var(--ast-global-color-5)","background-image":"","background-repeat":"repeat","background-position":"center center","background-size":"auto","background-attachment":"scroll","background-type":"","background-media":"","overlay-type":"","overlay-color":"","overlay-opacity":"","overlay-gradient":""},"tablet":{"background-color":"var(--ast-global-color-5)","background-image":"","background-repeat":"repeat","background-position":"center center","background-size":"auto","background-attachment":"scroll","background-type":"","background-media":"","overlay-type":"","overlay-color":"","overlay-opacity":"","overlay-gradient":""},"mobile":{"background-color":"var(--ast-global-color-5)","background-image":"","background-repeat":"repeat","background-position":"center center","background-size":"auto","background-attachment":"scroll","background-type":"","background-media":"","overlay-type":"","overlay-color":"","overlay-opacity":"","overlay-gradient":""}},"footnotes":""},"class_list":["post-5751","page","type-page","status-publish","hentry"],"yoast_head":"<!-- This site is optimized with the Yoast SEO plugin v27.3 - https:\/\/yoast.com\/product\/yoast-seo-wordpress\/ -->\n<title>AGB - B2B-Erklaervideo<\/title>\n<meta name=\"robots\" content=\"index, follow, max-snippet:-1, max-image-preview:large, max-video-preview:-1\" \/>\n<link rel=\"canonical\" href=\"https:\/\/b2b-erklaervideo.de\/en\/agb\/\" \/>\n<meta name=\"twitter:card\" content=\"summary_large_image\" \/>\n<meta name=\"twitter:title\" content=\"AGB - B2B-Erklaervideo\" \/>\n<meta name=\"twitter:description\" content=\"Allgemeine Gesch\u00e4ftsbedingungen Allgemeine Gesch\u00e4ftsbedingungen (AGB) &#8211; Stand 02. April 2024 (Hier als PDF herunterladen) 1. Geltungsbereich Diese Allgemeinen Gesch\u00e4ftsbedingungen (AGB) gelten f\u00fcr alle Vertr\u00e4ge zwischen B2B-Erkl\u00e4rvideo, Inhaber Sengor Marlon Souaga, Postadresse: Cremon 1, 20457 Hamburg, und ihren Kunden, sofern nicht schriftlich etwas anderes vereinbart wurde. Sie gelten f\u00fcr alle von B2B-Erkl\u00e4rvideo angebotenen Dienstleistungen, insbesondere die [&hellip;]\" \/>\n<meta name=\"twitter:label1\" content=\"Est. reading time\" \/>\n\t<meta name=\"twitter:data1\" content=\"7 minutes\" \/>\n<script type=\"application\/ld+json\" class=\"yoast-schema-graph\">{\"@context\":\"https:\\\/\\\/schema.org\",\"@graph\":[{\"@type\":\"WebPage\",\"@id\":\"https:\\\/\\\/b2b-erklaervideo.de\\\/agb\",\"url\":\"https:\\\/\\\/b2b-erklaervideo.de\\\/agb\",\"name\":\"AGB - B2B-Erklaervideo\",\"isPartOf\":{\"@id\":\"https:\\\/\\\/b2b-erklaervideo.de\\\/#website\"},\"datePublished\":\"2024-08-16T08:28:29+00:00\",\"dateModified\":\"2025-05-06T10:50:44+00:00\",\"breadcrumb\":{\"@id\":\"https:\\\/\\\/b2b-erklaervideo.de\\\/agb#breadcrumb\"},\"inLanguage\":\"en-US\",\"potentialAction\":[{\"@type\":\"ReadAction\",\"target\":[\"https:\\\/\\\/b2b-erklaervideo.de\\\/agb\"]}]},{\"@type\":\"BreadcrumbList\",\"@id\":\"https:\\\/\\\/b2b-erklaervideo.de\\\/agb#breadcrumb\",\"itemListElement\":[{\"@type\":\"ListItem\",\"position\":1,\"name\":\"Home\",\"item\":\"https:\\\/\\\/b2b-erklaervideo.de\\\/\"},{\"@type\":\"ListItem\",\"position\":2,\"name\":\"AGB\"}]},{\"@type\":\"WebSite\",\"@id\":\"https:\\\/\\\/b2b-erklaervideo.de\\\/#website\",\"url\":\"https:\\\/\\\/b2b-erklaervideo.de\\\/\",\"name\":\"B2B-Erklaervideo\",\"description\":\"Just another WordPress site\",\"publisher\":{\"@id\":\"https:\\\/\\\/b2b-erklaervideo.de\\\/#organization\"},\"potentialAction\":[{\"@type\":\"SearchAction\",\"target\":{\"@type\":\"EntryPoint\",\"urlTemplate\":\"https:\\\/\\\/b2b-erklaervideo.de\\\/?s={search_term_string}\"},\"query-input\":{\"@type\":\"PropertyValueSpecification\",\"valueRequired\":true,\"valueName\":\"search_term_string\"}}],\"inLanguage\":\"en-US\"},{\"@type\":\"Organization\",\"@id\":\"https:\\\/\\\/b2b-erklaervideo.de\\\/#organization\",\"name\":\"B2B-Erklaervideo\",\"url\":\"https:\\\/\\\/b2b-erklaervideo.de\\\/\",\"logo\":{\"@type\":\"ImageObject\",\"inLanguage\":\"en-US\",\"@id\":\"https:\\\/\\\/b2b-erklaervideo.de\\\/#\\\/schema\\\/logo\\\/image\\\/\",\"url\":\"https:\\\/\\\/b2b-erklaervideo.de\\\/wp-content\\\/uploads\\\/2021\\\/03\\\/Transparent-png-file-scaled.png\",\"contentUrl\":\"https:\\\/\\\/b2b-erklaervideo.de\\\/wp-content\\\/uploads\\\/2021\\\/03\\\/Transparent-png-file-scaled.png\",\"width\":2560,\"height\":1090,\"caption\":\"B2B-Erklaervideo\"},\"image\":{\"@id\":\"https:\\\/\\\/b2b-erklaervideo.de\\\/#\\\/schema\\\/logo\\\/image\\\/\"},\"sameAs\":[\"https:\\\/\\\/www.instagram.com\\\/b2b_erklaervideo\\\/?igshid=3r0u1vo991bt\",\"https:\\\/\\\/de.linkedin.com\\\/in\\\/sengor-souaga-9ab1251b7\",\"https:\\\/\\\/www.youtube.com\\\/channel\\\/UCzi2yqr6vxxtVWQZV-N3yLg\"]}]}<\/script>\n<!-- \/ Yoast SEO plugin. -->","yoast_head_json":{"title":"AGB - B2B-Erklaervideo","robots":{"index":"index","follow":"follow","max-snippet":"max-snippet:-1","max-image-preview":"max-image-preview:large","max-video-preview":"max-video-preview:-1"},"canonical":"https:\/\/b2b-erklaervideo.de\/en\/agb\/","twitter_card":"summary_large_image","twitter_title":"AGB - B2B-Erklaervideo","twitter_description":"Allgemeine Gesch\u00e4ftsbedingungen Allgemeine Gesch\u00e4ftsbedingungen (AGB) &#8211; Stand 02. April 2024 (Hier als PDF herunterladen) 1. Geltungsbereich Diese Allgemeinen Gesch\u00e4ftsbedingungen (AGB) gelten f\u00fcr alle Vertr\u00e4ge zwischen B2B-Erkl\u00e4rvideo, Inhaber Sengor Marlon Souaga, Postadresse: Cremon 1, 20457 Hamburg, und ihren Kunden, sofern nicht schriftlich etwas anderes vereinbart wurde. Sie gelten f\u00fcr alle von B2B-Erkl\u00e4rvideo angebotenen Dienstleistungen, insbesondere die [&hellip;]","twitter_misc":{"Est. reading time":"7 minutes"},"schema":{"@context":"https:\/\/schema.org","@graph":[{"@type":"WebPage","@id":"https:\/\/b2b-erklaervideo.de\/agb","url":"https:\/\/b2b-erklaervideo.de\/agb","name":"AGB - B2B-Erklaervideo","isPartOf":{"@id":"https:\/\/b2b-erklaervideo.de\/#website"},"datePublished":"2024-08-16T08:28:29+00:00","dateModified":"2025-05-06T10:50:44+00:00","breadcrumb":{"@id":"https:\/\/b2b-erklaervideo.de\/agb#breadcrumb"},"inLanguage":"en-US","potentialAction":[{"@type":"ReadAction","target":["https:\/\/b2b-erklaervideo.de\/agb"]}]},{"@type":"BreadcrumbList","@id":"https:\/\/b2b-erklaervideo.de\/agb#breadcrumb","itemListElement":[{"@type":"ListItem","position":1,"name":"Home","item":"https:\/\/b2b-erklaervideo.de\/"},{"@type":"ListItem","position":2,"name":"AGB"}]},{"@type":"WebSite","@id":"https:\/\/b2b-erklaervideo.de\/#website","url":"https:\/\/b2b-erklaervideo.de\/","name":"B2B-Erklaervideo","description":"Just another WordPress site","publisher":{"@id":"https:\/\/b2b-erklaervideo.de\/#organization"},"potentialAction":[{"@type":"SearchAction","target":{"@type":"EntryPoint","urlTemplate":"https:\/\/b2b-erklaervideo.de\/?s={search_term_string}"},"query-input":{"@type":"PropertyValueSpecification","valueRequired":true,"valueName":"search_term_string"}}],"inLanguage":"en-US"},{"@type":"Organization","@id":"https:\/\/b2b-erklaervideo.de\/#organization","name":"B2B-Erklaervideo","url":"https:\/\/b2b-erklaervideo.de\/","logo":{"@type":"ImageObject","inLanguage":"en-US","@id":"https:\/\/b2b-erklaervideo.de\/#\/schema\/logo\/image\/","url":"https:\/\/b2b-erklaervideo.de\/wp-content\/uploads\/2021\/03\/Transparent-png-file-scaled.png","contentUrl":"https:\/\/b2b-erklaervideo.de\/wp-content\/uploads\/2021\/03\/Transparent-png-file-scaled.png","width":2560,"height":1090,"caption":"B2B-Erklaervideo"},"image":{"@id":"https:\/\/b2b-erklaervideo.de\/#\/schema\/logo\/image\/"},"sameAs":["https:\/\/www.instagram.com\/b2b_erklaervideo\/?igshid=3r0u1vo991bt","https:\/\/de.linkedin.com\/in\/sengor-souaga-9ab1251b7","https:\/\/www.youtube.com\/channel\/UCzi2yqr6vxxtVWQZV-N3yLg"]}]}},"_links":{"self":[{"href":"https:\/\/b2b-erklaervideo.de\/en\/wp-json\/wp\/v2\/pages\/5751","targetHints":{"allow":["GET"]}}],"collection":[{"href":"https:\/\/b2b-erklaervideo.de\/en\/wp-json\/wp\/v2\/pages"}],"about":[{"href":"https:\/\/b2b-erklaervideo.de\/en\/wp-json\/wp\/v2\/types\/page"}],"author":[{"embeddable":true,"href":"https:\/\/b2b-erklaervideo.de\/en\/wp-json\/wp\/v2\/users\/1"}],"replies":[{"embeddable":true,"href":"https:\/\/b2b-erklaervideo.de\/en\/wp-json\/wp\/v2\/comments?post=5751"}],"version-history":[{"count":99,"href":"https:\/\/b2b-erklaervideo.de\/en\/wp-json\/wp\/v2\/pages\/5751\/revisions"}],"predecessor-version":[{"id":6911,"href":"https:\/\/b2b-erklaervideo.de\/en\/wp-json\/wp\/v2\/pages\/5751\/revisions\/6911"}],"wp:attachment":[{"href":"https:\/\/b2b-erklaervideo.de\/en\/wp-json\/wp\/v2\/media?parent=5751"}],"curies":[{"name":"wp","href":"https:\/\/api.w.org\/{rel}","templated":true}]}}